{"id":16145,"date":"2025-12-10T04:12:06","date_gmt":"2025-12-10T04:12:06","guid":{"rendered":"https:\/\/riyeda.tn\/b\/?page_id=16145"},"modified":"2025-12-29T01:44:41","modified_gmt":"2025-12-29T01:44:41","slug":"speakers","status":"publish","type":"page","link":"https:\/\/riyeda.tn\/b\/speakers\/","title":{"rendered":"Speakers"},"content":{"rendered":"\t\t<div data-elementor-type=\"wp-page\" data-elementor-id=\"16145\" class=\"elementor elementor-16145\" data-elementor-post-type=\"page\">\n\t\t\t\t\t\t<section class=\"elementor-section elementor-top-section elementor-element elementor-element-acb5e7e elementor-section-full_width elementor-section-stretched elementor-section-height-default elementor-section-height-default\" data-id=\"acb5e7e\" data-element_type=\"section\" data-settings=\"{&quot;stretch_section&quot;:&quot;section-stretched&quot;,&quot;background_background&quot;:&quot;video&quot;}\">\n\t\t\t\t\t\t\t<div class=\"elementor-background-overlay\"><\/div>\n\t\t\t\t\t\t\t<div class=\"elementor-container elementor-column-gap-default\">\n\t\t\t\t\t<div class=\"elementor-column elementor-col-100 elementor-top-column elementor-element elementor-element-3acc876\" data-id=\"3acc876\" data-element_type=\"column\">\n\t\t\t<div class=\"elementor-widget-wrap elementor-element-populated\">\n\t\t\t\t\t\t<div class=\"elementor-element elementor-element-820df22 elementor-absolute elementor-widget elementor-widget-image\" data-id=\"820df22\" data-element_type=\"widget\" data-settings=\"{&quot;_position&quot;:&quot;absolute&quot;}\" data-widget_type=\"image.default\">\n\t\t\t\t<div class=\"elementor-widget-container\">\n\t\t\t\t\t\t\t\t\t\t\t\t\t\t\t<img fetchpriority=\"high\" decoding=\"async\" width=\"1860\" height=\"1190\" src=\"https:\/\/riyeda.tn\/b\/wp-content\/uploads\/2025\/02\/Group-18432-1.svg\" class=\"attachment-full size-full wp-image-5144\" alt=\"\" \/>\t\t\t\t\t\t\t\t\t\t\t\t\t\t\t<\/div>\n\t\t\t\t<\/div>\n\t\t\t\t<div class=\"elementor-element elementor-element-89d7dc6 elementor-widget elementor-widget-aiero_heading\" data-id=\"89d7dc6\" data-element_type=\"widget\" data-widget_type=\"aiero_heading.default\">\n\t\t\t\t<div class=\"elementor-widget-container\">\n\t\t\t\t\t<div class=\"aiero-heading-widget\"><h1 class=\"aiero-heading\"><span class=\"aiero-heading-content has_gradient_color_text\">Les leaders et experts qui inspirent l\u2019avenir de l\u2019entrepreneuriat<\/span><\/h1><\/div>\t\t\t\t<\/div>\n\t\t\t\t<\/div>\n\t\t\t\t<div class=\"elementor-element elementor-element-c4111d9 aiero-button-border-style-solid aiero-button-bakground-style-gradient elementor-widget elementor-widget-aiero_button\" data-id=\"c4111d9\" data-element_type=\"widget\" data-widget_type=\"aiero_button.default\">\n\t\t\t\t<div class=\"elementor-widget-container\">\n\t\t\t\t\t\n        <div class=\"button-widget\">\n            <div class=\"button-container\">\n                                                        \t<a class=\"aiero-button\" href=\"https:\/\/eventoo.io\/event-create-account\/50_692d7f2e0d1c5\" target=\"_blank\">S\u2019inscrire maintenant                    \t\t<span class=\"icon-button-arrow\"><\/span><span class=\"button-inner\"><\/span>\n                    \t<\/a>\n                \t                            <\/div>\n        <\/div>\n        \t\t\t\t<\/div>\n\t\t\t\t<\/div>\n\t\t\t\t\t<\/div>\n\t\t<\/div>\n\t\t\t\t\t<\/div>\n\t\t<\/section>\n\t\t\t\t<section class=\"elementor-section elementor-top-section elementor-element elementor-element-fc74d2f elementor-section-stretched elementor-section-boxed elementor-section-height-default elementor-section-height-default\" data-id=\"fc74d2f\" data-element_type=\"section\" data-settings=\"{&quot;stretch_section&quot;:&quot;section-stretched&quot;,&quot;background_background&quot;:&quot;classic&quot;}\">\n\t\t\t\t\t\t<div class=\"elementor-container elementor-column-gap-default\">\n\t\t\t\t\t<div class=\"elementor-column elementor-col-100 elementor-top-column elementor-element elementor-element-b284d4a\" data-id=\"b284d4a\" data-element_type=\"column\">\n\t\t\t<div class=\"elementor-widget-wrap elementor-element-populated\">\n\t\t\t\t\t\t<div class=\"elementor-element elementor-element-b9cbeef listing-pagination-border-style-gradient listing-pagination-bakground-style-solid elementor-widget elementor-widget-aiero_team_members\" data-id=\"b9cbeef\" data-element_type=\"widget\" data-widget_type=\"aiero_team_members.default\">\n\t\t\t\t<div class=\"elementor-widget-container\">\n\t\t\t\t\t\n        <div class=\"aiero-team-members-widget\">\n\n            <div class=\"archive-listing\" data-ajax='{&quot;post_type&quot;:&quot;aiero_team_member&quot;,&quot;ignore_sticky_posts&quot;:true,&quot;orderby&quot;:&quot;date&quot;,&quot;order&quot;:&quot;asc&quot;,&quot;link_base&quot;:&quot;https:\\\/\\\/riyeda.tn\\\/b\\\/wp-json\\\/wp\\\/v2\\\/pages\\\/16145&quot;,&quot;aiero_team_department&quot;:[&quot;speaker&quot;],&quot;posts_per_page&quot;:50,&quot;columns_number&quot;:4,&quot;paged&quot;:1}' data-widget='{&quot;item_class&quot;:&quot;team-item-wrapper&quot;,&quot;columns_number&quot;:4,&quot;show_pagination&quot;:&quot;yes&quot;}'>\n                <div class=\"archive-listing-wrapper team-listing-wrapper team-grid-listing columns-4\">\n                    <div class=\"team-item-wrapper post-15939 aiero_team_member type-aiero_team_member status-publish has-post-thumbnail hentry aiero_team_department-speaker\">\n    <div class=\"team-item\">\n        <a href=\"https:\/\/riyeda.tn\/b\/team\/rym-mouelhi\/\" class=\"team-item-link\">\n            <span class=\"team-item-media\"><img decoding=\"async\" alt=\"rym mouelhi\" title=\"rym mouelhi\" src=\"https:\/\/riyeda.tn\/b\/wp-content\/uploads\/2025\/12\/rym-mouelhi.webp\" class=\"attachment-aiero_team_thumbnail size-full wp-post-image\" \/><span class=\"team-item-tag\">Tunisie<\/span><\/span>        <\/a>        \n        <div class=\"team-item-content\"><div class=\"team-item-socials\"><span class=\"socials-trigger-wrapper\"><i class=\"socials-trigger fontello icon-team-socials\"><\/i><\/span><div class=\"team-socials-wrapper\"><ul class=\"team-socials wrapper-socials\"><li><a href=\"https:\/\/www.linkedin.com\/in\/rym-mouelhi-beddey\" target=\"_blank\" class=\"fab fa-linkedin-in\"><\/a><\/li><\/ul><\/div><\/div><a href=\"https:\/\/riyeda.tn\/b\/team\/rym-mouelhi\/\" class=\"post-title\">Rym MOUELHI<\/a><span class=\"team-item-position\">Formatrice Soft skills et management \/ Coach et Praticienne PNL<\/span><\/div>        \n    <\/div>\n<\/div><div class=\"team-item-wrapper post-16124 aiero_team_member type-aiero_team_member status-publish has-post-thumbnail hentry aiero_team_department-speaker\">\n    <div class=\"team-item\">\n        <a href=\"https:\/\/riyeda.tn\/b\/team\/sarah-el-bekri\/\" class=\"team-item-link\">\n            <span class=\"team-item-media\"><img decoding=\"async\" alt=\"sarah el bekri\" title=\"sarah el bekri\" src=\"https:\/\/riyeda.tn\/b\/wp-content\/uploads\/2025\/12\/sarah-el-bekri.webp\" class=\"attachment-aiero_team_thumbnail size-full wp-post-image\" \/><span class=\"team-item-tag\">Tunisie<\/span><\/span>        <\/a>        \n        <div class=\"team-item-content\"><div class=\"team-item-socials\"><span class=\"socials-trigger-wrapper\"><i class=\"socials-trigger fontello icon-team-socials\"><\/i><\/span><div class=\"team-socials-wrapper\"><ul class=\"team-socials wrapper-socials\"><li><a href=\"https:\/\/www.linkedin.com\/in\/digitalmarketeuse\/\" target=\"_blank\" class=\"fab fa-linkedin-in\"><\/a><\/li><\/ul><\/div><\/div><a href=\"https:\/\/riyeda.tn\/b\/team\/sarah-el-bekri\/\" class=\"post-title\">Sarah El Bekri<\/a><span class=\"team-item-position\">Consultante en Digital marketing &amp; LinkedIn Entrepreneure<\/span><\/div>        \n    <\/div>\n<\/div><div class=\"team-item-wrapper post-16129 aiero_team_member type-aiero_team_member status-publish has-post-thumbnail hentry aiero_team_department-speaker\">\n    <div class=\"team-item\">\n        <a href=\"https:\/\/riyeda.tn\/b\/team\/yosra-zghonda\/\" class=\"team-item-link\">\n            <span class=\"team-item-media\"><img decoding=\"async\" alt=\"yosra zghonda\" title=\"yosra zghonda\" src=\"https:\/\/riyeda.tn\/b\/wp-content\/uploads\/2025\/12\/yosra-zghonda.webp\" class=\"attachment-aiero_team_thumbnail size-full wp-post-image\" \/><span class=\"team-item-tag\">Tunisie<\/span><\/span>        <\/a>        \n        <div class=\"team-item-content\"><div class=\"team-item-socials\"><span class=\"socials-trigger-wrapper\"><i class=\"socials-trigger fontello icon-team-socials\"><\/i><\/span><div class=\"team-socials-wrapper\"><ul class=\"team-socials wrapper-socials\"><li><a href=\"https:\/\/www.linkedin.com\/in\/yosrazghonda\/\" target=\"_blank\" class=\"fab fa-linkedin-in\"><\/a><\/li><\/ul><\/div><\/div><a href=\"https:\/\/riyeda.tn\/b\/team\/yosra-zghonda\/\" class=\"post-title\">Yosra Zghonda<\/a><span class=\"team-item-position\">Formatrice certifi\u00e9e, praticienne en PNL et coach en neurosciences<\/span><\/div>        \n    <\/div>\n<\/div><div class=\"team-item-wrapper post-16132 aiero_team_member type-aiero_team_member status-publish has-post-thumbnail hentry aiero_team_department-speaker\">\n    <div class=\"team-item\">\n        <a href=\"https:\/\/riyeda.tn\/b\/team\/mounira-hachmi\/\" class=\"team-item-link\">\n            <span class=\"team-item-media\"><img decoding=\"async\" alt=\"mounira hachmi\" title=\"mounira hachmi\" src=\"https:\/\/riyeda.tn\/b\/wp-content\/uploads\/2025\/12\/mounira-hachmi.webp\" class=\"attachment-aiero_team_thumbnail size-full wp-post-image\" \/><span class=\"team-item-tag\">Tunisie<\/span><\/span>        <\/a>        \n        <div class=\"team-item-content\"><div class=\"team-item-socials\"><span class=\"socials-trigger-wrapper\"><i class=\"socials-trigger fontello icon-team-socials\"><\/i><\/span><div class=\"team-socials-wrapper\"><ul class=\"team-socials wrapper-socials\"><li><a href=\"https:\/\/www.linkedin.com\/in\/mounira-hachmi-333ba944\" target=\"_blank\" class=\"fab fa-linkedin-in\"><\/a><\/li><\/ul><\/div><\/div><a href=\"https:\/\/riyeda.tn\/b\/team\/mounira-hachmi\/\" class=\"post-title\">Mounira Hachmi<\/a><span class=\"team-item-position\">Ing\u00e9nieur en Industries alimentaires et formatrice<\/span><\/div>        \n    <\/div>\n<\/div><div class=\"team-item-wrapper post-16135 aiero_team_member type-aiero_team_member status-publish has-post-thumbnail hentry aiero_team_department-speaker\">\n    <div class=\"team-item\">\n        <a href=\"https:\/\/riyeda.tn\/b\/team\/karim-boulakbech\/\" class=\"team-item-link\">\n            <span class=\"team-item-media\"><img decoding=\"async\" alt=\"karim boulakbach\" title=\"karim boulakbach\" src=\"https:\/\/riyeda.tn\/b\/wp-content\/uploads\/2025\/12\/karim-boulakbach.webp\" class=\"attachment-aiero_team_thumbnail size-full wp-post-image\" \/><span class=\"team-item-tag\">Tunisie<\/span><\/span>        <\/a>        \n        <div class=\"team-item-content\"><div class=\"team-item-socials\"><span class=\"socials-trigger-wrapper\"><i class=\"socials-trigger fontello icon-team-socials\"><\/i><\/span><div class=\"team-socials-wrapper\"><ul class=\"team-socials wrapper-socials\"><li><a href=\"https:\/\/www.linkedin.com\/in\/karim-boulakbech-04518486\/?originalSubdomain=tn\" target=\"_blank\" class=\"fab fa-linkedin-in\"><\/a><\/li><\/ul><\/div><\/div><a href=\"https:\/\/riyeda.tn\/b\/team\/karim-boulakbech\/\" class=\"post-title\">Karim Boulakbech<\/a><span class=\"team-item-position\">ACBPT\u00ae Certified Coach &amp; Trainer<\/span><\/div>        \n    <\/div>\n<\/div><div class=\"team-item-wrapper post-16295 aiero_team_member type-aiero_team_member status-publish has-post-thumbnail hentry aiero_team_department-speaker\">\n    <div class=\"team-item\">\n        <a href=\"https:\/\/riyeda.tn\/b\/team\/yamina-touihri\/\" class=\"team-item-link\">\n            <span class=\"team-item-media\"><img decoding=\"async\" alt=\"yamina touihri\" title=\"yamina touihri\" src=\"https:\/\/riyeda.tn\/b\/wp-content\/uploads\/2025\/12\/yamina-touihri.webp\" class=\"attachment-aiero_team_thumbnail size-full wp-post-image\" \/><span class=\"team-item-tag\">Tunisie<\/span><\/span>        <\/a>        \n        <div class=\"team-item-content\"><div class=\"team-item-socials\"><span class=\"socials-trigger-wrapper\"><i class=\"socials-trigger fontello icon-team-socials\"><\/i><\/span><div class=\"team-socials-wrapper\"><ul class=\"team-socials wrapper-socials\"><li><a href=\"https:\/\/www.linkedin.com\/in\/yamina-touihri-277077144\/\" target=\"_blank\" class=\"fab fa-linkedin-in\"><\/a><\/li><\/ul><\/div><\/div><a href=\"https:\/\/riyeda.tn\/b\/team\/yamina-touihri\/\" class=\"post-title\">Yamina Touihri<\/a><span class=\"team-item-position\">Formatrice - Youth Mentor<\/span><\/div>        \n    <\/div>\n<\/div><div class=\"team-item-wrapper post-16298 aiero_team_member type-aiero_team_member status-publish has-post-thumbnail hentry aiero_team_department-speaker\">\n    <div class=\"team-item\">\n        <a href=\"https:\/\/riyeda.tn\/b\/team\/dhia-mezhoud\/\" class=\"team-item-link\">\n            <span class=\"team-item-media\"><img decoding=\"async\" alt=\"dhia\" title=\"dhia\" src=\"https:\/\/riyeda.tn\/b\/wp-content\/uploads\/2025\/12\/dhia.webp\" class=\"attachment-aiero_team_thumbnail size-full wp-post-image\" \/><span class=\"team-item-tag\">Tunisie<\/span><\/span>        <\/a>        \n        <div class=\"team-item-content\"><div class=\"team-item-socials\"><span class=\"socials-trigger-wrapper\"><i class=\"socials-trigger fontello icon-team-socials\"><\/i><\/span><div class=\"team-socials-wrapper\"><ul class=\"team-socials wrapper-socials\"><li><a href=\"https:\/\/www.linkedin.com\/in\/dhia-mezhoud-574425273\/\" target=\"_blank\" class=\"fab fa-linkedin-in\"><\/a><\/li><\/ul><\/div><\/div><a href=\"https:\/\/riyeda.tn\/b\/team\/dhia-mezhoud\/\" class=\"post-title\">Dhia Mezhoud<\/a><span class=\"team-item-position\">Cr\u00e9ateur de contenu et fondateur de Brima Agency<\/span><\/div>        \n    <\/div>\n<\/div><div class=\"team-item-wrapper post-16301 aiero_team_member type-aiero_team_member status-publish has-post-thumbnail hentry aiero_team_department-speaker\">\n    <div class=\"team-item\">\n        <a href=\"https:\/\/riyeda.tn\/b\/team\/fatma-taghouti\/\" class=\"team-item-link\">\n            <span class=\"team-item-media\"><img decoding=\"async\" alt=\"fatma taghouti\" title=\"fatma taghouti\" src=\"https:\/\/riyeda.tn\/b\/wp-content\/uploads\/2025\/12\/fatma-taghouti.webp\" class=\"attachment-aiero_team_thumbnail size-full wp-post-image\" \/><span class=\"team-item-tag\">Tunisie<\/span><\/span>        <\/a>        \n        <div class=\"team-item-content\"><a href=\"https:\/\/riyeda.tn\/b\/team\/fatma-taghouti\/\" class=\"post-title\">Fatma Taghouti<\/a><span class=\"team-item-position\">Fondatrice d\u2019Ecospark et chercheuse en droit international\u00a0\u00e9conomique<\/span><\/div>        \n    <\/div>\n<\/div><div class=\"team-item-wrapper post-16304 aiero_team_member type-aiero_team_member status-publish has-post-thumbnail hentry aiero_team_department-speaker\">\n    <div class=\"team-item\">\n        <a href=\"https:\/\/riyeda.tn\/b\/team\/mouna-srayri\/\" class=\"team-item-link\">\n            <span class=\"team-item-media\"><img decoding=\"async\" alt=\"mouna srayri\" title=\"mouna srayri\" src=\"https:\/\/riyeda.tn\/b\/wp-content\/uploads\/2025\/12\/mouna-srayri.webp\" class=\"attachment-aiero_team_thumbnail size-full wp-post-image\" \/><span class=\"team-item-tag\">Tunisie<\/span><\/span>        <\/a>        \n        <div class=\"team-item-content\"><div class=\"team-item-socials\"><span class=\"socials-trigger-wrapper\"><i class=\"socials-trigger fontello icon-team-socials\"><\/i><\/span><div class=\"team-socials-wrapper\"><ul class=\"team-socials wrapper-socials\"><li><a href=\"http:\/\/linkedin.com\/in\/mouna-srayri--52a9507b\" target=\"_blank\" class=\"fab fa-linkedin-in\"><\/a><\/li><\/ul><\/div><\/div><a href=\"https:\/\/riyeda.tn\/b\/team\/mouna-srayri\/\" class=\"post-title\">Mouna Srayri<\/a><span class=\"team-item-position\">Formatrice certifi\u00e9e agr\u00e9\u00e9e par le CNFCPP &amp; Consultante en entreprise<\/span><\/div>        \n    <\/div>\n<\/div>                <\/div>\n\n                            <\/div>\n\n        <\/div>\n        \t\t\t\t<\/div>\n\t\t\t\t<\/div>\n\t\t\t\t\t<\/div>\n\t\t<\/div>\n\t\t\t\t\t<\/div>\n\t\t<\/section>\n\t\t\t\t<section class=\"elementor-section elementor-top-section elementor-element elementor-element-39bfd8b elementor-section-full_width elementor-section-stretched elementor-section-height-default elementor-section-height-default\" data-id=\"39bfd8b\" data-element_type=\"section\" data-settings=\"{&quot;stretch_section&quot;:&quot;section-stretched&quot;}\">\n\t\t\t\t\t\t<div class=\"elementor-container elementor-column-gap-no\">\n\t\t\t\t\t<div class=\"elementor-column elementor-col-100 elementor-top-column elementor-element elementor-element-9e8c62f\" data-id=\"9e8c62f\" data-element_type=\"column\">\n\t\t\t<div class=\"elementor-widget-wrap elementor-element-populated\">\n\t\t\t\t\t\t<div class=\"elementor-element elementor-element-21edb30 elementor-absolute elementor-widget elementor-widget-image\" data-id=\"21edb30\" data-element_type=\"widget\" data-settings=\"{&quot;_position&quot;:&quot;absolute&quot;}\" data-widget_type=\"image.default\">\n\t\t\t\t<div class=\"elementor-widget-container\">\n\t\t\t\t\t\t\t\t\t\t\t\t\t\t\t<img decoding=\"async\" width=\"1341\" height=\"1756\" src=\"https:\/\/riyeda.tn\/b\/wp-content\/uploads\/2025\/01\/Background_glow.svg\" class=\"attachment-full size-full wp-image-4726\" alt=\"\" \/>\t\t\t\t\t\t\t\t\t\t\t\t\t\t\t<\/div>\n\t\t\t\t<\/div>\n\t\t\t\t\t<\/div>\n\t\t<\/div>\n\t\t\t\t\t<\/div>\n\t\t<\/section>\n\t\t\t\t<\/div>\n\t\t","protected":false},"excerpt":{"rendered":"","protected":false},"author":1,"featured_media":0,"parent":0,"menu_order":0,"comment_status":"closed","ping_status":"closed","template":"","meta":{"footnotes":""},"class_list":["post-16145","page","type-page","status-publish","hentry"],"_hostinger_reach_plugin_has_subscription_block":false,"_hostinger_reach_plugin_is_elementor":false,"_links":{"self":[{"href":"https:\/\/riyeda.tn\/b\/wp-json\/wp\/v2\/pages\/16145","targetHints":{"allow":["GET"]}}],"collection":[{"href":"https:\/\/riyeda.tn\/b\/wp-json\/wp\/v2\/pages"}],"about":[{"href":"https:\/\/riyeda.tn\/b\/wp-json\/wp\/v2\/types\/page"}],"author":[{"embeddable":true,"href":"https:\/\/riyeda.tn\/b\/wp-json\/wp\/v2\/users\/1"}],"replies":[{"embeddable":true,"href":"https:\/\/riyeda.tn\/b\/wp-json\/wp\/v2\/comments?post=16145"}],"version-history":[{"count":43,"href":"https:\/\/riyeda.tn\/b\/wp-json\/wp\/v2\/pages\/16145\/revisions"}],"predecessor-version":[{"id":16402,"href":"https:\/\/riyeda.tn\/b\/wp-json\/wp\/v2\/pages\/16145\/revisions\/16402"}],"wp:attachment":[{"href":"https:\/\/riyeda.tn\/b\/wp-json\/wp\/v2\/media?parent=16145"}],"curies":[{"name":"wp","href":"https:\/\/api.w.org\/{rel}","templated":true}]}}