{"id":16170,"date":"2025-12-10T05:16:42","date_gmt":"2025-12-10T05:16:42","guid":{"rendered":"https:\/\/riyeda.tn\/b\/?page_id=16170"},"modified":"2025-12-10T11:35:33","modified_gmt":"2025-12-10T11:35:33","slug":"keynotes-et-panels","status":"publish","type":"page","link":"https:\/\/riyeda.tn\/b\/keynotes-et-panels\/","title":{"rendered":"Keynotes et panels"},"content":{"rendered":"\t\t<div data-elementor-type=\"wp-page\" data-elementor-id=\"16170\" class=\"elementor elementor-16170\" data-elementor-post-type=\"page\">\n\t\t\t\t\t\t<section class=\"elementor-section elementor-top-section elementor-element elementor-element-acb5e7e elementor-section-full_width elementor-section-stretched elementor-section-height-default elementor-section-height-default\" data-id=\"acb5e7e\" data-element_type=\"section\" data-settings=\"{&quot;stretch_section&quot;:&quot;section-stretched&quot;,&quot;background_background&quot;:&quot;video&quot;}\">\n\t\t\t\t\t\t\t<div class=\"elementor-background-overlay\"><\/div>\n\t\t\t\t\t\t\t<div class=\"elementor-container elementor-column-gap-default\">\n\t\t\t\t\t<div class=\"elementor-column elementor-col-100 elementor-top-column elementor-element elementor-element-3acc876\" data-id=\"3acc876\" data-element_type=\"column\">\n\t\t\t<div class=\"elementor-widget-wrap elementor-element-populated\">\n\t\t\t\t\t\t<div class=\"elementor-element elementor-element-89d7dc6 elementor-widget elementor-widget-aiero_heading\" data-id=\"89d7dc6\" data-element_type=\"widget\" data-widget_type=\"aiero_heading.default\">\n\t\t\t\t<div class=\"elementor-widget-container\">\n\t\t\t\t\t<div class=\"aiero-heading-widget\"><h1 class=\"aiero-heading\"><span class=\"aiero-heading-content has_gradient_color_text\">Un programme riche et structur\u00e9 pour inspirer, apprendre et entreprendre.<\/span><\/h1><\/div>\t\t\t\t<\/div>\n\t\t\t\t<\/div>\n\t\t\t\t<div class=\"elementor-element elementor-element-c4111d9 aiero-button-border-style-solid aiero-button-bakground-style-gradient elementor-widget elementor-widget-aiero_button\" data-id=\"c4111d9\" data-element_type=\"widget\" data-widget_type=\"aiero_button.default\">\n\t\t\t\t<div class=\"elementor-widget-container\">\n\t\t\t\t\t\n        <div class=\"button-widget\">\n            <div class=\"button-container\">\n                                                        \t<a class=\"aiero-button\" href=\"https:\/\/eventoo.io\/event-create-account\/50_692d7f2e0d1c5\" target=\"_blank\">S\u2019inscrire maintenant                    \t\t<span class=\"icon-button-arrow\"><\/span><span class=\"button-inner\"><\/span>\n                    \t<\/a>\n                \t                            <\/div>\n        <\/div>\n        \t\t\t\t<\/div>\n\t\t\t\t<\/div>\n\t\t\t\t\t<\/div>\n\t\t<\/div>\n\t\t\t\t\t<\/div>\n\t\t<\/section>\n\t\t\t\t<section class=\"elementor-section elementor-top-section elementor-element elementor-element-fc74d2f elementor-section-stretched elementor-section-boxed elementor-section-height-default elementor-section-height-default\" data-id=\"fc74d2f\" data-element_type=\"section\" data-settings=\"{&quot;stretch_section&quot;:&quot;section-stretched&quot;,&quot;background_background&quot;:&quot;classic&quot;}\">\n\t\t\t\t\t\t<div class=\"elementor-container elementor-column-gap-default\">\n\t\t\t\t\t<div class=\"elementor-column elementor-col-100 elementor-top-column elementor-element elementor-element-b284d4a\" data-id=\"b284d4a\" data-element_type=\"column\">\n\t\t\t<div class=\"elementor-widget-wrap elementor-element-populated\">\n\t\t\t\t\t\t<div class=\"elementor-element elementor-element-4d759fe elementor-tabs-view-horizontal elementor-widget elementor-widget-tabs\" data-id=\"4d759fe\" data-element_type=\"widget\" data-widget_type=\"tabs.default\">\n\t\t\t\t<div class=\"elementor-widget-container\">\n\t\t\t\t\t\t\t<div class=\"elementor-tabs\">\n\t\t\t<div class=\"elementor-tabs-wrapper\" role=\"tablist\" >\n\t\t\t\t\t\t\t\t\t<div id=\"elementor-tab-title-8121\" class=\"elementor-tab-title elementor-tab-desktop-title\" aria-selected=\"true\" data-tab=\"1\" role=\"tab\" tabindex=\"0\" aria-controls=\"elementor-tab-content-8121\" aria-expanded=\"false\">Main Stage <br> Th\u00e9\u00e2tre des jeunes cr\u00e9ateurs <\/div>\n\t\t\t\t\t\t\t\t\t<div id=\"elementor-tab-title-8122\" class=\"elementor-tab-title elementor-tab-desktop-title\" aria-selected=\"false\" data-tab=\"2\" role=\"tab\" tabindex=\"-1\" aria-controls=\"elementor-tab-content-8122\" aria-expanded=\"false\">Sofia Stage <br>Sofia El Golli<\/div>\n\t\t\t\t\t\t\t\t\t<div id=\"elementor-tab-title-8123\" class=\"elementor-tab-title elementor-tab-desktop-title\" aria-selected=\"false\" data-tab=\"3\" role=\"tab\" tabindex=\"-1\" aria-controls=\"elementor-tab-content-8123\" aria-expanded=\"false\">Carthago Stage  <br> Hall RDC<\/div>\n\t\t\t\t\t\t\t<\/div>\n\t\t\t<div class=\"elementor-tabs-content-wrapper\" role=\"tablist\" aria-orientation=\"vertical\">\n\t\t\t\t\t\t\t\t\t<div class=\"elementor-tab-title elementor-tab-mobile-title\" aria-selected=\"true\" data-tab=\"1\" role=\"tab\" tabindex=\"0\" aria-controls=\"elementor-tab-content-8121\" aria-expanded=\"false\">Main Stage <br> Th\u00e9\u00e2tre des jeunes cr\u00e9ateurs <\/div>\n\t\t\t\t\t<div id=\"elementor-tab-content-8121\" class=\"elementor-tab-content elementor-clearfix\" data-tab=\"1\" role=\"tabpanel\" aria-labelledby=\"elementor-tab-title-8121\" tabindex=\"0\" hidden=\"false\"><div class=\"archive-listing-wrapper list-listing\"><p><!-- 10:00 - 10:20 --><\/p><div class=\"standard-blog-item-wrapper post list-item-wrapper\"><div class=\"blog-item\"><div class=\"post-meta-item post-meta-item-date\"><span class=\"post-meta-item-month-year\">10:00 &#8211; 10:20<\/span><\/div><div class=\"post-list-meta-column\"><div class=\"post-labels\"><div class=\"post-categories\"><a class=\"post-category-item\" href=\"#\">Main Stage<\/a><\/div><\/div><\/div><div class=\"post-list-content-column\"><h5 class=\"post-title\"><a href=\"#\">Keynote D\u2019ouverture<\/a><\/h5><\/div><\/div><\/div><p><!-- 10:25 - 10:40 --><\/p><div class=\"standard-blog-item-wrapper post list-item-wrapper\"><div class=\"blog-item\"><div class=\"post-meta-item post-meta-item-date\"><span class=\"post-meta-item-month-year\">10:25 &#8211; 10:40<\/span><\/div><div class=\"post-list-meta-column\"><div class=\"post-labels\"><div class=\"post-categories\"><a class=\"post-category-item\" href=\"#\">Main Stage<\/a><\/div><\/div><\/div><div class=\"post-list-content-column\"><h5 class=\"post-title\"><a href=\"#\">Pitch des graines d&rsquo;entrepreneurs<\/a><\/h5><\/div><\/div><\/div><p><!-- 10:45 - 11:45 --><\/p><div class=\"standard-blog-item-wrapper post list-item-wrapper\"><div class=\"blog-item\"><div class=\"post-meta-item post-meta-item-date\"><span class=\"post-meta-item-month-year\">10:45 &#8211; 11:45<\/span><\/div><div class=\"post-list-meta-column\"><div class=\"post-labels\"><div class=\"post-categories\"><a class=\"post-category-item\" href=\"#\">Main Stage<\/a><\/div><\/div><\/div><div class=\"post-list-content-column\"><h5 class=\"post-title\"><a href=\"#\">Ouverture Officielle<\/a><\/h5><\/div><\/div><\/div><p><!-- 11:50 - 12:40 --><\/p><div class=\"standard-blog-item-wrapper post list-item-wrapper\"><div class=\"blog-item\"><div class=\"post-meta-item post-meta-item-date\"><span class=\"post-meta-item-month-year\">11:50 &#8211; 12:40<\/span><\/div><div class=\"post-list-meta-column\"><div class=\"post-labels\"><div class=\"post-categories\"><a class=\"post-category-item\" href=\"#\">Main Stage<\/a><\/div><\/div><\/div><div class=\"post-list-content-column\"><h5 class=\"post-title\"><a href=\"#\">Green, Territoires &amp; R\u00e9silience<\/a><\/h5><\/div><\/div><\/div><p><!-- 12:45 - 13:35 --><\/p><div class=\"standard-blog-item-wrapper post list-item-wrapper\"><div class=\"blog-item\"><div class=\"post-meta-item post-meta-item-date\"><span class=\"post-meta-item-month-year\">12:45 &#8211; 13:35<\/span><\/div><div class=\"post-list-meta-column\"><div class=\"post-labels\"><div class=\"post-categories\"><a class=\"post-category-item\" href=\"#\">Main Stage<\/a><\/div><\/div><\/div><div class=\"post-list-content-column\"><h5 class=\"post-title\"><a href=\"#\">Entrepreneuriat &amp; Inclusion<\/a><\/h5><\/div><\/div><\/div><p><!-- 13:40 - 14:10 --><\/p><div class=\"standard-blog-item-wrapper post list-item-wrapper\"><div class=\"blog-item\"><div class=\"post-meta-item post-meta-item-date\"><span class=\"post-meta-item-month-year\">13:40 &#8211; 14:10<\/span><\/div><div class=\"post-list-meta-column\"><div class=\"post-labels\"><div class=\"post-categories\"><a class=\"post-category-item\" href=\"#\">Main Stage<\/a><\/div><\/div><\/div><div class=\"post-list-content-column\"><h5 class=\"post-title\"><a href=\"#\">Keynote<\/a><\/h5><\/div><\/div><\/div><p><!-- 14:15 - 15:05 --><\/p><div class=\"standard-blog-item-wrapper post list-item-wrapper\"><div class=\"blog-item\"><div class=\"post-meta-item post-meta-item-date\"><span class=\"post-meta-item-month-year\">14:15 &#8211; 15:05<\/span><\/div><div class=\"post-list-meta-column\"><div class=\"post-labels\"><div class=\"post-categories\"><a class=\"post-category-item\" href=\"#\">Main Stage<\/a><\/div><\/div><\/div><div class=\"post-list-content-column\"><h5 class=\"post-title\"><a href=\"#\">Inclusion Territoriale<\/a><\/h5><\/div><\/div><\/div><p><!-- 15:10 - 16:00 --><\/p><div class=\"standard-blog-item-wrapper post list-item-wrapper\"><div class=\"blog-item\"><div class=\"post-meta-item post-meta-item-date\"><span class=\"post-meta-item-month-year\">15:10 &#8211; 16:00<\/span><\/div><div class=\"post-list-meta-column\"><div class=\"post-labels\"><div class=\"post-categories\"><a class=\"post-category-item\" href=\"#\">Main Stage<\/a><\/div><\/div><\/div><div class=\"post-list-content-column\"><h5 class=\"post-title\"><a href=\"#\">PANEL MAJEUR (Focus Europe)<\/a><\/h5><\/div><\/div><\/div><\/div><\/div>\n\t\t\t\t\t\t\t\t\t<div class=\"elementor-tab-title elementor-tab-mobile-title\" aria-selected=\"false\" data-tab=\"2\" role=\"tab\" tabindex=\"-1\" aria-controls=\"elementor-tab-content-8122\" aria-expanded=\"false\">Sofia Stage <br>Sofia El Golli<\/div>\n\t\t\t\t\t<div id=\"elementor-tab-content-8122\" class=\"elementor-tab-content elementor-clearfix\" data-tab=\"2\" role=\"tabpanel\" aria-labelledby=\"elementor-tab-title-8122\" tabindex=\"0\" hidden=\"hidden\"><div class=\"archive-listing-wrapper list-listing\"><p><!-- 10:00 - 10:50 --><\/p><div class=\"standard-blog-item-wrapper post list-item-wrapper\"><div class=\"blog-item\"><div class=\"post-meta-item post-meta-item-date\"><span class=\"post-meta-item-month-year\">10:00 &#8211; 10:50<\/span><\/div><div class=\"post-list-meta-column\"><div class=\"post-labels\"><div class=\"post-categories\"><a class=\"post-category-item\" href=\"#\">Sofia Stage<\/a><\/div><\/div><\/div><div class=\"post-list-content-column\"><h5 class=\"post-title\"><a href=\"#\">Workshop<\/a><\/h5><\/div><\/div><\/div><p><!-- 10:55 - 11:45 --><\/p><div class=\"standard-blog-item-wrapper post list-item-wrapper\"><div class=\"blog-item\"><div class=\"post-meta-item post-meta-item-date\"><span class=\"post-meta-item-month-year\">10:55 &#8211; 11:45<\/span><\/div><div class=\"post-list-meta-column\"><div class=\"post-labels\"><div class=\"post-categories\"><a class=\"post-category-item\" href=\"#\">Sofia Stage<\/a><\/div><\/div><\/div><div class=\"post-list-content-column\"><h5 class=\"post-title\"><a href=\"#\">Neurosciences &amp; sciences cognitives<\/a><\/h5><\/div><\/div><\/div><p><!-- 11:50 - 12:40 --><\/p><div class=\"standard-blog-item-wrapper post list-item-wrapper\"><div class=\"blog-item\"><div class=\"post-meta-item post-meta-item-date\"><span class=\"post-meta-item-month-year\">11:50 &#8211; 12:40<\/span><\/div><div class=\"post-list-meta-column\"><div class=\"post-labels\"><div class=\"post-categories\"><a class=\"post-category-item\" href=\"#\">Sofia Stage<\/a><\/div><\/div><\/div><div class=\"post-list-content-column\"><h5 class=\"post-title\"><a href=\"#\">Entrepreneuriat F\u00e9minin<\/a><\/h5><\/div><\/div><\/div><p><!-- 12:45 - 13:35 --><\/p><div class=\"standard-blog-item-wrapper post list-item-wrapper\"><div class=\"blog-item\"><div class=\"post-meta-item post-meta-item-date\"><span class=\"post-meta-item-month-year\">12:45 &#8211; 13:35<\/span><\/div><div class=\"post-list-meta-column\"><div class=\"post-labels\"><div class=\"post-categories\"><a class=\"post-category-item\" href=\"#\">Sofia Stage<\/a><\/div><\/div><\/div><div class=\"post-list-content-column\"><h5 class=\"post-title\"><a href=\"#\">Workshop<\/a><\/h5><\/div><\/div><\/div><p><!-- 13:40 - 14:30 --><\/p><div class=\"standard-blog-item-wrapper post list-item-wrapper\"><div class=\"blog-item\"><div class=\"post-meta-item post-meta-item-date\"><span class=\"post-meta-item-month-year\">13:40 &#8211; 14:30<\/span><\/div><div class=\"post-list-meta-column\"><div class=\"post-labels\"><div class=\"post-categories\"><a class=\"post-category-item\" href=\"#\">Sofia Stage<\/a><\/div><\/div><\/div><div class=\"post-list-content-column\"><h5 class=\"post-title\"><a href=\"#\">Jeunesse, \u00c9cologie &amp; Nouveaux M\u00e9tiers<\/a><\/h5><\/div><\/div><\/div><p><!-- 14:30 - 15:20 --><\/p><div class=\"standard-blog-item-wrapper post list-item-wrapper\"><div class=\"blog-item\"><div class=\"post-meta-item post-meta-item-date\"><span class=\"post-meta-item-month-year\">14:30 &#8211; 15:20<\/span><\/div><div class=\"post-list-meta-column\"><div class=\"post-labels\"><div class=\"post-categories\"><a class=\"post-category-item\" href=\"#\">Sofia Stage<\/a><\/div><\/div><\/div><div class=\"post-list-content-column\"><h5 class=\"post-title\"><a href=\"#\">LinkedIn &amp; Personal Branding<\/a><\/h5><\/div><\/div><\/div><p><!-- 15:25 - 16:15 --><\/p><div class=\"standard-blog-item-wrapper post list-item-wrapper\"><div class=\"blog-item\"><div class=\"post-meta-item post-meta-item-date\"><span class=\"post-meta-item-month-year\">15:25 &#8211; 16:15<\/span><\/div><div class=\"post-list-meta-column\"><div class=\"post-labels\"><div class=\"post-categories\"><a class=\"post-category-item\" href=\"#\">Sofia Stage<\/a><\/div><\/div><\/div><div class=\"post-list-content-column\"><h5 class=\"post-title\"><a href=\"#\">\u00c9moStory : quand les mots cr\u00e9ent du lien<\/a><\/h5><\/div><\/div><\/div><p><!-- 16:20 - 17:10 --><\/p><div class=\"standard-blog-item-wrapper post list-item-wrapper\"><div class=\"blog-item\"><div class=\"post-meta-item post-meta-item-date\"><span class=\"post-meta-item-month-year\">16:20 &#8211; 17:10<\/span><\/div><div class=\"post-list-meta-column\"><div class=\"post-labels\"><div class=\"post-categories\"><a class=\"post-category-item\" href=\"#\">Sofia Stage<\/a><\/div><\/div><\/div><div class=\"post-list-content-column\"><h5 class=\"post-title\"><a href=\"#\">Workshop<\/a><\/h5><\/div><\/div><\/div><\/div><\/div>\n\t\t\t\t\t\t\t\t\t<div class=\"elementor-tab-title elementor-tab-mobile-title\" aria-selected=\"false\" data-tab=\"3\" role=\"tab\" tabindex=\"-1\" aria-controls=\"elementor-tab-content-8123\" aria-expanded=\"false\">Carthago Stage  <br> Hall RDC<\/div>\n\t\t\t\t\t<div id=\"elementor-tab-content-8123\" class=\"elementor-tab-content elementor-clearfix\" data-tab=\"3\" role=\"tabpanel\" aria-labelledby=\"elementor-tab-title-8123\" tabindex=\"0\" hidden=\"hidden\"><div class=\"archive-listing-wrapper list-listing\"><p><!-- 10:00 - 10:50 --><\/p><div class=\"standard-blog-item-wrapper post list-item-wrapper post-1991 type-post status-publish format-standard has-post-thumbnail hentry category-ai-aiero category-technology tag-neuro tag-programing tag-robot\"><div class=\"blog-item\"><div class=\"post-meta-item post-meta-item-date\"><span class=\"post-meta-item-month-year\">10:00 &#8211; 10:50<\/span><\/div><div class=\"post-list-meta-column\"><div class=\"post-labels\"><div class=\"post-categories\"><a class=\"post-category-item\" href=\"#\">Carthago Stage<\/a><\/div><\/div><\/div><div class=\"post-list-content-column\"><h5 class=\"post-title\"><a href=\"#\">Workshop<\/a><\/h5><\/div><\/div><\/div><p><!-- 10:55 - 11:45 --><\/p><div class=\"standard-blog-item-wrapper post list-item-wrapper post-1991 type-post status-publish format-standard has-post-thumbnail hentry category-ai-aiero category-technology tag-neuro tag-programing tag-robot\"><div class=\"blog-item\"><div class=\"post-meta-item post-meta-item-date\"><span class=\"post-meta-item-month-year\">10:55 &#8211; 11:45<\/span><\/div><div class=\"post-list-meta-column\"><div class=\"post-labels\"><div class=\"post-categories\"><a class=\"post-category-item\" href=\"#\">Carthago Stage<\/a><\/div><\/div><\/div><div class=\"post-list-content-column\"><h5 class=\"post-title\"><a href=\"#\">Workshop<\/a><\/h5><\/div><\/div><\/div><p><!-- 11:50 - 12:40 --><\/p><div class=\"standard-blog-item-wrapper post list-item-wrapper post-1991 type-post status-publish format-standard has-post-thumbnail hentry category-ai-aiero category-technology tag-neuro tag-programing tag-robot\"><div class=\"blog-item\"><div class=\"post-meta-item post-meta-item-date\"><span class=\"post-meta-item-month-year\">11:50 &#8211; 12:40<\/span><\/div><div class=\"post-list-meta-column\"><div class=\"post-labels\"><div class=\"post-categories\"><a class=\"post-category-item\" href=\"#\">Carthago Stage<\/a><\/div><\/div><\/div><div class=\"post-list-content-column\"><h5 class=\"post-title\"><a href=\"#\">Workshop<\/a><\/h5><\/div><\/div><\/div><p><!-- 12:45 - 13:35 --><\/p><div class=\"standard-blog-item-wrapper post list-item-wrapper post-1991 type-post status-publish format-standard has-post-thumbnail hentry category-ai-aiero category-technology tag-neuro tag-programing tag-robot\"><div class=\"blog-item\"><div class=\"post-meta-item post-meta-item-date\"><span class=\"post-meta-item-month-year\">12:45 &#8211; 13:35<\/span><\/div><div class=\"post-list-meta-column\"><div class=\"post-labels\"><div class=\"post-categories\"><a class=\"post-category-item\" href=\"#\">Carthago Stage<\/a><\/div><\/div><\/div><div class=\"post-list-content-column\"><h5 class=\"post-title\"><a href=\"#\">Panel<\/a><\/h5><\/div><\/div><\/div><p><!-- 13:40 - 14:30 --><\/p><div class=\"standard-blog-item-wrapper post list-item-wrapper post-1991 type-post status-publish format-standard has-post-thumbnail hentry category-ai-aiero category-technology tag-neuro tag-programing tag-robot\"><div class=\"blog-item\"><div class=\"post-meta-item post-meta-item-date\"><span class=\"post-meta-item-month-year\">13:40 &#8211; 14:30<\/span><\/div><div class=\"post-list-meta-column\"><div class=\"post-labels\"><div class=\"post-categories\"><a class=\"post-category-item\" href=\"#\">Carthago Stage<\/a><\/div><\/div><\/div><div class=\"post-list-content-column\"><h5 class=\"post-title\"><a href=\"#\">Workshop<\/a><\/h5><\/div><\/div><\/div><p><!-- 14:30 - 15:20 --><\/p><div class=\"standard-blog-item-wrapper post list-item-wrapper post-1991 type-post status-publish format-standard has-post-thumbnail hentry category-ai-aiero category-technology tag-neuro tag-programing tag-robot\"><div class=\"blog-item\"><div class=\"post-meta-item post-meta-item-date\"><span class=\"post-meta-item-month-year\">14:30 &#8211; 15:20<\/span><\/div><div class=\"post-list-meta-column\"><div class=\"post-labels\"><div class=\"post-categories\"><a class=\"post-category-item\" href=\"#\">Carthago Stage<\/a><\/div><\/div><\/div><div class=\"post-list-content-column\"><h5 class=\"post-title\"><a href=\"#\">Workshop<\/a><\/h5><\/div><\/div><\/div><p><!-- 15:25 - 16:15 --><\/p><div class=\"standard-blog-item-wrapper post list-item-wrapper post-1991 type-post status-publish format-standard has-post-thumbnail hentry category-ai-aiero category-technology tag-neuro tag-programing tag-robot\"><div class=\"blog-item\"><div class=\"post-meta-item post-meta-item-date\"><span class=\"post-meta-item-month-year\">15:25 &#8211; 16:15<\/span><\/div><div class=\"post-list-meta-column\"><div class=\"post-labels\"><div class=\"post-categories\"><a class=\"post-category-item\" href=\"#\">Carthago Stage<\/a><\/div><\/div><\/div><div class=\"post-list-content-column\"><h5 class=\"post-title\"><a href=\"#\">Panel<\/a><\/h5><\/div><\/div><\/div><p><!-- 16:20 - 17:10 --><\/p><div class=\"standard-blog-item-wrapper post list-item-wrapper post-1991 type-post status-publish format-standard has-post-thumbnail hentry category-ai-aiero category-technology tag-neuro tag-programing tag-robot\"><div class=\"blog-item\"><div class=\"post-meta-item post-meta-item-date\"><span class=\"post-meta-item-month-year\">16:20 &#8211; 17:10<\/span><\/div><div class=\"post-list-meta-column\"><div class=\"post-labels\"><div class=\"post-categories\"><a class=\"post-category-item\" href=\"#\">Carthago Stage<\/a><\/div><\/div><\/div><div class=\"post-list-content-column\"><h5 class=\"post-title\"><a href=\"#\">Workshop<\/a><\/h5><\/div><\/div><\/div><\/div><\/div>\n\t\t\t\t\t\t\t<\/div>\n\t\t<\/div>\n\t\t\t\t\t\t<\/div>\n\t\t\t\t<\/div>\n\t\t\t\t\t<\/div>\n\t\t<\/div>\n\t\t\t\t\t<\/div>\n\t\t<\/section>\n\t\t\t\t<section class=\"elementor-section elementor-top-section elementor-element elementor-element-39bfd8b elementor-section-full_width elementor-section-stretched elementor-section-height-default elementor-section-height-default\" data-id=\"39bfd8b\" data-element_type=\"section\" data-settings=\"{&quot;stretch_section&quot;:&quot;section-stretched&quot;}\">\n\t\t\t\t\t\t<div class=\"elementor-container elementor-column-gap-no\">\n\t\t\t\t\t<div class=\"elementor-column elementor-col-100 elementor-top-column elementor-element elementor-element-9e8c62f\" data-id=\"9e8c62f\" data-element_type=\"column\">\n\t\t\t<div class=\"elementor-widget-wrap elementor-element-populated\">\n\t\t\t\t\t\t<div class=\"elementor-element elementor-element-21edb30 elementor-absolute elementor-widget elementor-widget-image\" data-id=\"21edb30\" data-element_type=\"widget\" data-settings=\"{&quot;_position&quot;:&quot;absolute&quot;}\" data-widget_type=\"image.default\">\n\t\t\t\t<div class=\"elementor-widget-container\">\n\t\t\t\t\t\t\t\t\t\t\t\t\t\t\t<img fetchpriority=\"high\" decoding=\"async\" width=\"1341\" height=\"1756\" src=\"https:\/\/riyeda.tn\/b\/wp-content\/uploads\/2025\/01\/Background_glow.svg\" class=\"attachment-full size-full wp-image-4726\" alt=\"\" \/>\t\t\t\t\t\t\t\t\t\t\t\t\t\t\t<\/div>\n\t\t\t\t<\/div>\n\t\t\t\t\t<\/div>\n\t\t<\/div>\n\t\t\t\t\t<\/div>\n\t\t<\/section>\n\t\t\t\t<\/div>\n\t\t","protected":false},"excerpt":{"rendered":"<p>Main Stage Th\u00e9\u00e2tre des jeunes cr\u00e9ateurs Sofia Stage Sofia El Golli Carthago Stage Hall RDC Main Stage Th\u00e9\u00e2tre des jeunes cr\u00e9ateurs 10:00 &#8211; 10:20Main Stage Keynote D\u2019ouverture 10:25 &#8211; 10:40Main Stage Pitch des graines d&rsquo;entrepreneurs 10:45 &#8211; 11:45Main Stage Ouverture Officielle&#8230;<\/p>\n","protected":false},"author":1,"featured_media":0,"parent":0,"menu_order":0,"comment_status":"closed","ping_status":"closed","template":"","meta":{"footnotes":""},"class_list":["post-16170","page","type-page","status-publish","hentry"],"_hostinger_reach_plugin_has_subscription_block":false,"_hostinger_reach_plugin_is_elementor":false,"_links":{"self":[{"href":"https:\/\/riyeda.tn\/b\/wp-json\/wp\/v2\/pages\/16170","targetHints":{"allow":["GET"]}}],"collection":[{"href":"https:\/\/riyeda.tn\/b\/wp-json\/wp\/v2\/pages"}],"about":[{"href":"https:\/\/riyeda.tn\/b\/wp-json\/wp\/v2\/types\/page"}],"author":[{"embeddable":true,"href":"https:\/\/riyeda.tn\/b\/wp-json\/wp\/v2\/users\/1"}],"replies":[{"embeddable":true,"href":"https:\/\/riyeda.tn\/b\/wp-json\/wp\/v2\/comments?post=16170"}],"version-history":[{"count":62,"href":"https:\/\/riyeda.tn\/b\/wp-json\/wp\/v2\/pages\/16170\/revisions"}],"predecessor-version":[{"id":16360,"href":"https:\/\/riyeda.tn\/b\/wp-json\/wp\/v2\/pages\/16170\/revisions\/16360"}],"wp:attachment":[{"href":"https:\/\/riyeda.tn\/b\/wp-json\/wp\/v2\/media?parent=16170"}],"curies":[{"name":"wp","href":"https:\/\/api.w.org\/{rel}","templated":true}]}}